{"id":2261,"date":"2024-06-04T09:57:57","date_gmt":"2024-06-04T06:57:57","guid":{"rendered":"https:\/\/findglass.lv\/rezervet-laiku\/"},"modified":"2025-08-18T04:50:40","modified_gmt":"2025-08-18T01:50:40","slug":"rezervet-laiku","status":"publish","type":"page","link":"https:\/\/findglass.lv\/en\/rezervet-laiku\/","title":{"rendered":"Book a time"},"content":{"rendered":"\r\n<p>Rezerv\u0113 laiku tie\u0161saist\u0113 izmantojot m\u016bsdien\u012bgo FindGlass rezerv\u0101cijas sist\u0113mu. \u0100tri, \u0113rti un vienk\u0101r\u0161i. <br \/>Pirms iera\u0161an\u0101s servis\u0101, sagaidi apstiprin\u0101jumu no FindGlass Auto Stikli komandas!<\/p>\r\n\r\n\r\n","protected":false},"excerpt":{"rendered":"<p>Rezerv\u0113 laiku tie\u0161saist\u0113 izmantojot m\u016bsdien\u012bgo FindGlass rezerv\u0101cijas sist\u0113mu. \u0100tri, \u0113rti un vienk\u0101r\u0161i. Pirms iera\u0161an\u0101s servis\u0101, sagaidi apstiprin\u0101jumu no FindGlass Auto Stikli komandas!<\/p>\n","protected":false},"author":2,"featured_media":0,"parent":0,"menu_order":0,"comment_status":"closed","ping_status":"closed","template":"builder.php","meta":{"_acf_changed":false,"footnotes":""},"class_list":["post-2261","page","type-page","status-publish","hentry"],"acf":[],"yoast_head":"<!-- This site is optimized with the Yoast SEO Premium plugin v27.4 (Yoast SEO v27.6) - https:\/\/yoast.com\/product\/yoast-seo-premium-wordpress\/ -->\n<title>Book a time | Auto stiklu remonts, mai\u0146a un kalibr\u0113\u0161ana | FindGlass.lv<\/title>\n<meta name=\"description\" content=\"Rezerv\u0113 laiku auto stiklu remontam, mai\u0146ai vai kalibr\u0113\u0161anai FindGlass M\u0101jas lap\u0101 - \u0101tri, \u0113rti un vienk\u0101r\u0161i. Piesakies tagad!\" \/>\n<meta name=\"robots\" content=\"index, follow, max-snippet:-1, max-image-preview:large, max-video-preview:-1\" \/>\n<link rel=\"canonical\" href=\"https:\/\/findglass.lv\/en\/rezervet-laiku\/\" \/>\n<meta property=\"og:locale\" content=\"en_US\" \/>\n<meta property=\"og:type\" content=\"article\" \/>\n<meta property=\"og:title\" content=\"Book a time\" \/>\n<meta property=\"og:description\" content=\"Rezerv\u0113 laiku auto stiklu remontam, mai\u0146ai vai kalibr\u0113\u0161anai FindGlass M\u0101jas lap\u0101 - \u0101tri, \u0113rti un vienk\u0101r\u0161i. Piesakies tagad!\" \/>\n<meta property=\"og:url\" content=\"https:\/\/findglass.lv\/en\/rezervet-laiku\/\" \/>\n<meta property=\"og:site_name\" content=\"Auto stiklu remonts, mai\u0146a un kalibr\u0113\u0161ana | FindGlass.lv\" \/>\n<meta property=\"article:publisher\" content=\"https:\/\/www.facebook.com\/findglasslv\" \/>\n<meta property=\"article:modified_time\" content=\"2025-08-18T01:50:40+00:00\" \/>\n<meta property=\"og:image\" content=\"https:\/\/findglass.lv\/wp-content\/uploads\/2024\/05\/findglass_background-scaled-e1716476565289.jpg\" \/>\n\t<meta property=\"og:image:width\" content=\"2560\" \/>\n\t<meta property=\"og:image:height\" content=\"1707\" \/>\n\t<meta property=\"og:image:type\" content=\"image\/jpeg\" \/>\n<meta name=\"twitter:card\" content=\"summary_large_image\" \/>\n<meta name=\"twitter:label1\" content=\"Est. reading time\" \/>\n\t<meta name=\"twitter:data1\" content=\"1 minute\" \/>\n<script type=\"application\/ld+json\" class=\"yoast-schema-graph\">{\"@context\":\"https:\\\/\\\/schema.org\",\"@graph\":[{\"@type\":\"WebPage\",\"@id\":\"https:\\\/\\\/findglass.lv\\\/en\\\/rezervet-laiku\\\/\",\"url\":\"https:\\\/\\\/findglass.lv\\\/en\\\/rezervet-laiku\\\/\",\"name\":\"Book a time | Auto stiklu remonts, mai\u0146a un kalibr\u0113\u0161ana | FindGlass.lv\",\"isPartOf\":{\"@id\":\"https:\\\/\\\/findglass.lv\\\/en\\\/#website\"},\"datePublished\":\"2024-06-04T06:57:57+00:00\",\"dateModified\":\"2025-08-18T01:50:40+00:00\",\"description\":\"Rezerv\u0113 laiku auto stiklu remontam, mai\u0146ai vai kalibr\u0113\u0161anai FindGlass M\u0101jas lap\u0101 - \u0101tri, \u0113rti un vienk\u0101r\u0161i. Piesakies tagad!\",\"breadcrumb\":{\"@id\":\"https:\\\/\\\/findglass.lv\\\/en\\\/rezervet-laiku\\\/#breadcrumb\"},\"inLanguage\":\"en-US\",\"potentialAction\":[{\"@type\":\"ReadAction\",\"target\":[\"https:\\\/\\\/findglass.lv\\\/en\\\/rezervet-laiku\\\/\"]}]},{\"@type\":\"BreadcrumbList\",\"@id\":\"https:\\\/\\\/findglass.lv\\\/en\\\/rezervet-laiku\\\/#breadcrumb\",\"itemListElement\":[{\"@type\":\"ListItem\",\"position\":1,\"name\":\"Home\",\"item\":\"https:\\\/\\\/findglass.lv\\\/en\\\/\"},{\"@type\":\"ListItem\",\"position\":2,\"name\":\"Book a time\"}]},{\"@type\":\"WebSite\",\"@id\":\"https:\\\/\\\/findglass.lv\\\/en\\\/#website\",\"url\":\"https:\\\/\\\/findglass.lv\\\/en\\\/\",\"name\":\"FindGlass Auto Stiklu Remonts\",\"description\":\"Auto stiklu mai\u0146as un kalibr\u0113\u0161anas serviss R\u012bg\u0101 - V\u0113jstiklu kameru, Adapt\u012bv\u0101s kru\u012bza kontroles (ACC) un Auto pilota kalibr\u0113\u0161ana.\",\"publisher\":{\"@id\":\"https:\\\/\\\/findglass.lv\\\/en\\\/#organization\"},\"alternateName\":\"FindGlass\",\"potentialAction\":[{\"@type\":\"SearchAction\",\"target\":{\"@type\":\"EntryPoint\",\"urlTemplate\":\"https:\\\/\\\/findglass.lv\\\/en\\\/?s={search_term_string}\"},\"query-input\":{\"@type\":\"PropertyValueSpecification\",\"valueRequired\":true,\"valueName\":\"search_term_string\"}}],\"inLanguage\":\"en-US\"},{\"@type\":\"Organization\",\"@id\":\"https:\\\/\\\/findglass.lv\\\/en\\\/#organization\",\"name\":\"Auto stiklu remonts un mai\u0146a FindGlass\",\"alternateName\":\"Auto stiklu serviss FindGlass\",\"url\":\"https:\\\/\\\/findglass.lv\\\/en\\\/\",\"logo\":{\"@type\":\"ImageObject\",\"inLanguage\":\"en-US\",\"@id\":\"https:\\\/\\\/findglass.lv\\\/en\\\/#\\\/schema\\\/logo\\\/image\\\/\",\"url\":\"https:\\\/\\\/findglass.lv\\\/wp-content\\\/uploads\\\/2024\\\/05\\\/FIndGlass-logo-blue.svg\",\"contentUrl\":\"https:\\\/\\\/findglass.lv\\\/wp-content\\\/uploads\\\/2024\\\/05\\\/FIndGlass-logo-blue.svg\",\"caption\":\"Auto stiklu remonts un mai\u0146a FindGlass\"},\"image\":{\"@id\":\"https:\\\/\\\/findglass.lv\\\/en\\\/#\\\/schema\\\/logo\\\/image\\\/\"},\"sameAs\":[\"https:\\\/\\\/www.facebook.com\\\/findglasslv\"],\"description\":\"FindGlass ir auto stiklu remonta, mai\u0146as un auto stiklu tirdzniec\u012bbas uz\u0146\u0113mums Latvij\u0101. Uz\u0146\u0113muma m\u0113r\u0137is ir pied\u0101v\u0101t lab\u0101k\u0101s cenas un kvalit\u0101tes attiec\u012bbu tirg\u016b, k\u0101 ar\u012b nodro\u0161in\u0101t \u0101tru un modernu klientu apkalpo\u0161anu. Uz\u0146\u0113mumu ir dibin\u0101jis profesion\u0101lis ar vair\u0101k k\u0101 15 gadu ekspert\u012bzi auto stiklu nomai\u0146as industrij\u0101. Uz\u0146\u0113mums pied\u0101v\u0101 Auto Stiklu remontu, V\u0113jstiklu mai\u0146u, s\u0101nu stiklu mai\u0146u, aizmugures stiklu mai\u0146u, Kameras ADAS kalibr\u0113\u0161anu, Lietus sensora kalibr\u0113\u0161anu visu veidu transportl\u012bdzek\u013ciem. Ja Auto Stiklu remonts un mai\u0146a tiek veikta caur KASKO apdro\u0161in\u0101\u0161anu, tad liel\u0101koties apdro\u0161in\u0101\u0161anas komp\u0101nijas pa\u0161risku NEIETUR\u0112S, ja remonts tiks veikts FindGlass specializ\u0113taj\u0101 auto stiklu servis\u0101. Piesakies uzreiz!\",\"email\":\"info@findglass.lv\",\"telephone\":\"+37120457722\",\"legalName\":\"FindGlass, SIA\",\"foundingDate\":\"2023-10-13\",\"vatID\":\"LV40203514762\",\"taxID\":\"LV40203514762\",\"numberOfEmployees\":{\"@type\":\"QuantitativeValue\",\"minValue\":\"1\",\"maxValue\":\"10\"}}]}<\/script>\n<!-- \/ Yoast SEO Premium plugin. -->","yoast_head_json":{"title":"Book a time | Auto stiklu remonts, mai\u0146a un kalibr\u0113\u0161ana | FindGlass.lv","description":"Rezerv\u0113 laiku auto stiklu remontam, mai\u0146ai vai kalibr\u0113\u0161anai FindGlass M\u0101jas lap\u0101 - \u0101tri, \u0113rti un vienk\u0101r\u0161i. Piesakies tagad!","robots":{"index":"index","follow":"follow","max-snippet":"max-snippet:-1","max-image-preview":"max-image-preview:large","max-video-preview":"max-video-preview:-1"},"canonical":"https:\/\/findglass.lv\/en\/rezervet-laiku\/","og_locale":"en_US","og_type":"article","og_title":"Book a time","og_description":"Rezerv\u0113 laiku auto stiklu remontam, mai\u0146ai vai kalibr\u0113\u0161anai FindGlass M\u0101jas lap\u0101 - \u0101tri, \u0113rti un vienk\u0101r\u0161i. Piesakies tagad!","og_url":"https:\/\/findglass.lv\/en\/rezervet-laiku\/","og_site_name":"Auto stiklu remonts, mai\u0146a un kalibr\u0113\u0161ana | FindGlass.lv","article_publisher":"https:\/\/www.facebook.com\/findglasslv","article_modified_time":"2025-08-18T01:50:40+00:00","og_image":[{"width":2560,"height":1707,"url":"https:\/\/findglass.lv\/wp-content\/uploads\/2024\/05\/findglass_background-scaled-e1716476565289.jpg","type":"image\/jpeg"}],"twitter_card":"summary_large_image","twitter_misc":{"Est. reading time":"1 minute"},"schema":{"@context":"https:\/\/schema.org","@graph":[{"@type":"WebPage","@id":"https:\/\/findglass.lv\/en\/rezervet-laiku\/","url":"https:\/\/findglass.lv\/en\/rezervet-laiku\/","name":"Book a time | Auto stiklu remonts, mai\u0146a un kalibr\u0113\u0161ana | FindGlass.lv","isPartOf":{"@id":"https:\/\/findglass.lv\/en\/#website"},"datePublished":"2024-06-04T06:57:57+00:00","dateModified":"2025-08-18T01:50:40+00:00","description":"Rezerv\u0113 laiku auto stiklu remontam, mai\u0146ai vai kalibr\u0113\u0161anai FindGlass M\u0101jas lap\u0101 - \u0101tri, \u0113rti un vienk\u0101r\u0161i. Piesakies tagad!","breadcrumb":{"@id":"https:\/\/findglass.lv\/en\/rezervet-laiku\/#breadcrumb"},"inLanguage":"en-US","potentialAction":[{"@type":"ReadAction","target":["https:\/\/findglass.lv\/en\/rezervet-laiku\/"]}]},{"@type":"BreadcrumbList","@id":"https:\/\/findglass.lv\/en\/rezervet-laiku\/#breadcrumb","itemListElement":[{"@type":"ListItem","position":1,"name":"Home","item":"https:\/\/findglass.lv\/en\/"},{"@type":"ListItem","position":2,"name":"Book a time"}]},{"@type":"WebSite","@id":"https:\/\/findglass.lv\/en\/#website","url":"https:\/\/findglass.lv\/en\/","name":"FindGlass Auto Stiklu Remonts","description":"Auto stiklu mai\u0146as un kalibr\u0113\u0161anas serviss R\u012bg\u0101 - V\u0113jstiklu kameru, Adapt\u012bv\u0101s kru\u012bza kontroles (ACC) un Auto pilota kalibr\u0113\u0161ana.","publisher":{"@id":"https:\/\/findglass.lv\/en\/#organization"},"alternateName":"FindGlass","potentialAction":[{"@type":"SearchAction","target":{"@type":"EntryPoint","urlTemplate":"https:\/\/findglass.lv\/en\/?s={search_term_string}"},"query-input":{"@type":"PropertyValueSpecification","valueRequired":true,"valueName":"search_term_string"}}],"inLanguage":"en-US"},{"@type":"Organization","@id":"https:\/\/findglass.lv\/en\/#organization","name":"Auto stiklu remonts un mai\u0146a FindGlass","alternateName":"Auto stiklu serviss FindGlass","url":"https:\/\/findglass.lv\/en\/","logo":{"@type":"ImageObject","inLanguage":"en-US","@id":"https:\/\/findglass.lv\/en\/#\/schema\/logo\/image\/","url":"https:\/\/findglass.lv\/wp-content\/uploads\/2024\/05\/FIndGlass-logo-blue.svg","contentUrl":"https:\/\/findglass.lv\/wp-content\/uploads\/2024\/05\/FIndGlass-logo-blue.svg","caption":"Auto stiklu remonts un mai\u0146a FindGlass"},"image":{"@id":"https:\/\/findglass.lv\/en\/#\/schema\/logo\/image\/"},"sameAs":["https:\/\/www.facebook.com\/findglasslv"],"description":"FindGlass ir auto stiklu remonta, mai\u0146as un auto stiklu tirdzniec\u012bbas uz\u0146\u0113mums Latvij\u0101. Uz\u0146\u0113muma m\u0113r\u0137is ir pied\u0101v\u0101t lab\u0101k\u0101s cenas un kvalit\u0101tes attiec\u012bbu tirg\u016b, k\u0101 ar\u012b nodro\u0161in\u0101t \u0101tru un modernu klientu apkalpo\u0161anu. Uz\u0146\u0113mumu ir dibin\u0101jis profesion\u0101lis ar vair\u0101k k\u0101 15 gadu ekspert\u012bzi auto stiklu nomai\u0146as industrij\u0101. Uz\u0146\u0113mums pied\u0101v\u0101 Auto Stiklu remontu, V\u0113jstiklu mai\u0146u, s\u0101nu stiklu mai\u0146u, aizmugures stiklu mai\u0146u, Kameras ADAS kalibr\u0113\u0161anu, Lietus sensora kalibr\u0113\u0161anu visu veidu transportl\u012bdzek\u013ciem. Ja Auto Stiklu remonts un mai\u0146a tiek veikta caur KASKO apdro\u0161in\u0101\u0161anu, tad liel\u0101koties apdro\u0161in\u0101\u0161anas komp\u0101nijas pa\u0161risku NEIETUR\u0112S, ja remonts tiks veikts FindGlass specializ\u0113taj\u0101 auto stiklu servis\u0101. Piesakies uzreiz!","email":"info@findglass.lv","telephone":"+37120457722","legalName":"FindGlass, SIA","foundingDate":"2023-10-13","vatID":"LV40203514762","taxID":"LV40203514762","numberOfEmployees":{"@type":"QuantitativeValue","minValue":"1","maxValue":"10"}}]}},"_links":{"self":[{"href":"https:\/\/findglass.lv\/en\/wp-json\/wp\/v2\/pages\/2261","targetHints":{"allow":["GET"]}}],"collection":[{"href":"https:\/\/findglass.lv\/en\/wp-json\/wp\/v2\/pages"}],"about":[{"href":"https:\/\/findglass.lv\/en\/wp-json\/wp\/v2\/types\/page"}],"author":[{"embeddable":true,"href":"https:\/\/findglass.lv\/en\/wp-json\/wp\/v2\/users\/2"}],"replies":[{"embeddable":true,"href":"https:\/\/findglass.lv\/en\/wp-json\/wp\/v2\/comments?post=2261"}],"version-history":[{"count":1,"href":"https:\/\/findglass.lv\/en\/wp-json\/wp\/v2\/pages\/2261\/revisions"}],"predecessor-version":[{"id":2264,"href":"https:\/\/findglass.lv\/en\/wp-json\/wp\/v2\/pages\/2261\/revisions\/2264"}],"wp:attachment":[{"href":"https:\/\/findglass.lv\/en\/wp-json\/wp\/v2\/media?parent=2261"}],"curies":[{"name":"wp","href":"https:\/\/api.w.org\/{rel}","templated":true}]}}