{"id":2275,"date":"2024-05-27T06:53:13","date_gmt":"2024-05-27T03:53:13","guid":{"rendered":"https:\/\/findglass.lv\/lietosanas-noteikumi\/"},"modified":"2026-01-21T17:53:02","modified_gmt":"2026-01-21T15:53:02","slug":"lietosanas-noteikumi","status":"publish","type":"page","link":"https:\/\/findglass.lv\/en\/lietosanas-noteikumi\/","title":{"rendered":"Terms of use"},"content":{"rendered":"<p><b>FindGlass, SIA<\/b>, registration number 40203514762, legal address: Il\u016bkstes iela 109 \u2013 30, Riga, Latvia, LV-1082 (hereinafter referred to as FindGlass), provides the content available on the website <a href=\"https:\/\/findglass.lv\/en\/\">FindGlass.lv<\/a> (hereinafter referred to as the Website) and sells goods in accordance with the terms and conditions set out in this document, the terms of delivery of goods, the terms of return of goods and other terms and policies published on the Website (hereinafter referred to as the Terms). By making a purchase on the Website, the customer confirms that they have read the Terms, understand them and agree to comply with them without restrictions or exceptions.<\/p>\n<p><strong>Privacy Policy<\/strong><\/p>\n<p>Information about how FindGlass processes your personal data can be found in the &#8220;<a href=\"https:\/\/findglass.lv\/en\/privacy-policy\/\">Privacy Policy<\/a>&#8221; section of the Website.<\/p>\n<p><strong>Intellectual property<\/strong><\/p>\n<p>All information available on the Website, including but not limited to trademarks, logos, text, images, sound recordings, videos, their compilation and layout (hereinafter referred to as the Content), is the property of FindGlass or its partners and is protected by the laws of the Republic of Latvia. Any use of the Content in any manner that may infringe the intellectual property rights of FindGlass or its partners is prohibited. Reproduction or republication of the Content in whole or in part is also prohibited.<\/p>\n<p><strong>Right of withdrawal<\/strong><\/p>\n<p>The Customer has the right to withdraw from the purchase within 14 (fourteen) days of receiving the Goods without giving any reason. To meet the withdrawal deadline, it is sufficient for the customer to send their communication concerning their exercise of the right of withdrawal before the withdrawal period has expired.<\/p>\n<p>To exercise the right of withdrawal, the customer must inform FindGlass of their decision to withdraw from the purchase of the goods by means of an unequivocal statement. To notify us of the exercise of the right of withdrawal, the customer must use the model form available on the Website, here.<\/p>\n<p>The completed form can be sent to the email address: info@findglass.lv or by uploading the completed form on the Website in the Contact section, selecting the topic &#8220;Return of goods&#8221; or by sending it by post to the address: Il\u016bkstes iela 109 \u2013 30, Riga, Latvia, LV-1082. Latvia, LV-1082.<\/p>\n<p>After notification of the exercise of the right of withdrawal, the customer must immediately, but in any case no later than 14 (fourteen) days from the date on which the customer informs FindGlass of their decision to withdraw from the purchase, return the goods by delivering them to the FindGlass office at Pildas iela 8, Riga, LV-1035, during FindGlass working hours. To agree on another method of returning the goods, please contact FindGlass. The deadline will be met if the goods are sent back before the end of the 14 (fourteen) day period.<\/p>\n<p><b>The customer is responsible for any reduction in the value of the goods<\/b> if they have been used for purposes other than to determine their nature, characteristics and functioning. If FindGlass finds that the goods have been used, damaged, dirty, otherwise exploited or show signs of assembly or use, FindGlass may refuse to accept the goods back. The goods must be in their original packaging, which must not be damaged or soiled.<\/p>\n<p><strong>Dispute resolution<\/strong><\/p>\n<p>Any dispute, disagreement or claim arising from the purchase of goods and\/or services from FindGlass, SIA, shall be resolved through negotiations. If the dispute cannot be resolved amicably, the Parties may bring the matter before the courts of the Republic of Latvia.<\/p>\n<p>FindGlass will respond to any customer submission in accordance with the procedure and within the time limits specified in the regulatory enactments, informing the customer of the possible manner of fulfilling the claim, the resolution of the dispute or an alternative manner of fulfilling the claim.<\/p>\n<p><strong>Other provisions<\/strong><\/p>\n<p>The customer agrees that the Terms and Conditions constitute the entire agreement between the customer and FindGlass regarding the use of this Website and its content.<\/p>\n<p>FindGlass reserves the right to amend and clarify the Terms at any time by publishing the changes on the Website and indicating the date of the last change. Any changes to the Terms and Conditions shall take effect immediately upon publication. The Customer agrees that by continuing to purchase goods and\/or services from FindGlass, SIA after the changes have been made, they confirm their agreement to all changes. FindGlass reserves the right to cancel or revoke any rights granted in the Terms and Conditions. The Customer must comply with such cancellation or changes from the moment they are made, including the need to discontinue use of the Website in any way, if necessary.<\/p>\n","protected":false},"excerpt":{"rendered":"<p>FindGlass, SIA, registration number 40203514762, legal address: Il\u016bkstes iela 109 \u2013 30, Riga, Latvia, LV-1082 (hereinafter referred to as FindGlass), provides the content available on the website FindGlass.lv (hereinafter referred to as the Website) and sells goods in accordance with the terms and conditions set out in this document, the terms of delivery of goods, [&hellip;]<\/p>\n","protected":false},"author":2,"featured_media":0,"parent":0,"menu_order":0,"comment_status":"closed","ping_status":"closed","template":"","meta":{"_acf_changed":false,"footnotes":""},"class_list":["post-2275","page","type-page","status-publish","hentry"],"acf":[],"yoast_head":"<!-- This site is optimized with the Yoast SEO Premium plugin v27.4 (Yoast SEO v27.4) - https:\/\/yoast.com\/product\/yoast-seo-premium-wordpress\/ -->\n<title>Terms of use | Auto stiklu remonts, mai\u0146a un kalibr\u0113\u0161ana | FindGlass.lv<\/title>\n<meta name=\"robots\" content=\"index, follow, max-snippet:-1, max-image-preview:large, max-video-preview:-1\" \/>\n<link rel=\"canonical\" href=\"https:\/\/findglass.lv\/en\/lietosanas-noteikumi\/\" \/>\n<meta property=\"og:locale\" content=\"en_US\" \/>\n<meta property=\"og:type\" content=\"article\" \/>\n<meta property=\"og:title\" content=\"Terms of use\" \/>\n<meta property=\"og:description\" content=\"FindGlass, SIA, registration number 40203514762, legal address: Il\u016bkstes iela 109 \u2013 30, Riga, Latvia, LV-1082 (hereinafter referred to as FindGlass), provides the content available on the website FindGlass.lv (hereinafter referred to as the Website) and sells goods in accordance with the terms and conditions set out in this document, the terms of delivery of goods, [&hellip;]\" \/>\n<meta property=\"og:url\" content=\"https:\/\/findglass.lv\/en\/lietosanas-noteikumi\/\" \/>\n<meta property=\"og:site_name\" content=\"Auto stiklu remonts, mai\u0146a un kalibr\u0113\u0161ana | FindGlass.lv\" \/>\n<meta property=\"article:publisher\" content=\"https:\/\/www.facebook.com\/findglasslv\" \/>\n<meta property=\"article:modified_time\" content=\"2026-01-21T15:53:02+00:00\" \/>\n<meta property=\"og:image\" content=\"https:\/\/findglass.lv\/wp-content\/uploads\/2024\/05\/findglass_background-scaled-e1716476565289.jpg\" \/>\n\t<meta property=\"og:image:width\" content=\"2560\" \/>\n\t<meta property=\"og:image:height\" content=\"1707\" \/>\n\t<meta property=\"og:image:type\" content=\"image\/jpeg\" \/>\n<meta name=\"twitter:card\" content=\"summary_large_image\" \/>\n<meta name=\"twitter:label1\" content=\"Est. reading time\" \/>\n\t<meta name=\"twitter:data1\" content=\"4 minutes\" \/>\n<script type=\"application\/ld+json\" class=\"yoast-schema-graph\">{\"@context\":\"https:\\\/\\\/schema.org\",\"@graph\":[{\"@type\":\"WebPage\",\"@id\":\"https:\\\/\\\/findglass.lv\\\/en\\\/lietosanas-noteikumi\\\/\",\"url\":\"https:\\\/\\\/findglass.lv\\\/en\\\/lietosanas-noteikumi\\\/\",\"name\":\"Terms of use | Auto stiklu remonts, mai\u0146a un kalibr\u0113\u0161ana | FindGlass.lv\",\"isPartOf\":{\"@id\":\"https:\\\/\\\/findglass.lv\\\/en\\\/#website\"},\"datePublished\":\"2024-05-27T03:53:13+00:00\",\"dateModified\":\"2026-01-21T15:53:02+00:00\",\"breadcrumb\":{\"@id\":\"https:\\\/\\\/findglass.lv\\\/en\\\/lietosanas-noteikumi\\\/#breadcrumb\"},\"inLanguage\":\"en-US\",\"potentialAction\":[{\"@type\":\"ReadAction\",\"target\":[\"https:\\\/\\\/findglass.lv\\\/en\\\/lietosanas-noteikumi\\\/\"]}]},{\"@type\":\"BreadcrumbList\",\"@id\":\"https:\\\/\\\/findglass.lv\\\/en\\\/lietosanas-noteikumi\\\/#breadcrumb\",\"itemListElement\":[{\"@type\":\"ListItem\",\"position\":1,\"name\":\"Home\",\"item\":\"https:\\\/\\\/findglass.lv\\\/en\\\/\"},{\"@type\":\"ListItem\",\"position\":2,\"name\":\"Terms of use\"}]},{\"@type\":\"WebSite\",\"@id\":\"https:\\\/\\\/findglass.lv\\\/en\\\/#website\",\"url\":\"https:\\\/\\\/findglass.lv\\\/en\\\/\",\"name\":\"FindGlass Auto Stiklu Remonts\",\"description\":\"Auto stiklu mai\u0146as un kalibr\u0113\u0161anas serviss R\u012bg\u0101 - V\u0113jstiklu kameru, Adapt\u012bv\u0101s kru\u012bza kontroles (ACC) un Auto pilota kalibr\u0113\u0161ana.\",\"publisher\":{\"@id\":\"https:\\\/\\\/findglass.lv\\\/en\\\/#organization\"},\"alternateName\":\"FindGlass\",\"potentialAction\":[{\"@type\":\"SearchAction\",\"target\":{\"@type\":\"EntryPoint\",\"urlTemplate\":\"https:\\\/\\\/findglass.lv\\\/en\\\/?s={search_term_string}\"},\"query-input\":{\"@type\":\"PropertyValueSpecification\",\"valueRequired\":true,\"valueName\":\"search_term_string\"}}],\"inLanguage\":\"en-US\"},{\"@type\":\"Organization\",\"@id\":\"https:\\\/\\\/findglass.lv\\\/en\\\/#organization\",\"name\":\"Auto stiklu remonts un mai\u0146a FindGlass\",\"alternateName\":\"Auto stiklu serviss FindGlass\",\"url\":\"https:\\\/\\\/findglass.lv\\\/en\\\/\",\"logo\":{\"@type\":\"ImageObject\",\"inLanguage\":\"en-US\",\"@id\":\"https:\\\/\\\/findglass.lv\\\/en\\\/#\\\/schema\\\/logo\\\/image\\\/\",\"url\":\"https:\\\/\\\/findglass.lv\\\/wp-content\\\/uploads\\\/2024\\\/05\\\/FIndGlass-logo-blue.svg\",\"contentUrl\":\"https:\\\/\\\/findglass.lv\\\/wp-content\\\/uploads\\\/2024\\\/05\\\/FIndGlass-logo-blue.svg\",\"caption\":\"Auto stiklu remonts un mai\u0146a FindGlass\"},\"image\":{\"@id\":\"https:\\\/\\\/findglass.lv\\\/en\\\/#\\\/schema\\\/logo\\\/image\\\/\"},\"sameAs\":[\"https:\\\/\\\/www.facebook.com\\\/findglasslv\"],\"description\":\"FindGlass ir auto stiklu remonta, mai\u0146as un auto stiklu tirdzniec\u012bbas uz\u0146\u0113mums Latvij\u0101. Uz\u0146\u0113muma m\u0113r\u0137is ir pied\u0101v\u0101t lab\u0101k\u0101s cenas un kvalit\u0101tes attiec\u012bbu tirg\u016b, k\u0101 ar\u012b nodro\u0161in\u0101t \u0101tru un modernu klientu apkalpo\u0161anu. Uz\u0146\u0113mumu ir dibin\u0101jis profesion\u0101lis ar vair\u0101k k\u0101 15 gadu ekspert\u012bzi auto stiklu nomai\u0146as industrij\u0101. Uz\u0146\u0113mums pied\u0101v\u0101 Auto Stiklu remontu, V\u0113jstiklu mai\u0146u, s\u0101nu stiklu mai\u0146u, aizmugures stiklu mai\u0146u, Kameras ADAS kalibr\u0113\u0161anu, Lietus sensora kalibr\u0113\u0161anu visu veidu transportl\u012bdzek\u013ciem. Ja Auto Stiklu remonts un mai\u0146a tiek veikta caur KASKO apdro\u0161in\u0101\u0161anu, tad liel\u0101koties apdro\u0161in\u0101\u0161anas komp\u0101nijas pa\u0161risku NEIETUR\u0112S, ja remonts tiks veikts FindGlass specializ\u0113taj\u0101 auto stiklu servis\u0101. Piesakies uzreiz!\",\"email\":\"info@findglass.lv\",\"telephone\":\"+37120457722\",\"legalName\":\"FindGlass, SIA\",\"foundingDate\":\"2023-10-13\",\"vatID\":\"LV40203514762\",\"taxID\":\"LV40203514762\",\"numberOfEmployees\":{\"@type\":\"QuantitativeValue\",\"minValue\":\"1\",\"maxValue\":\"10\"}}]}<\/script>\n<!-- \/ Yoast SEO Premium plugin. -->","yoast_head_json":{"title":"Terms of use | Auto stiklu remonts, mai\u0146a un kalibr\u0113\u0161ana | FindGlass.lv","robots":{"index":"index","follow":"follow","max-snippet":"max-snippet:-1","max-image-preview":"max-image-preview:large","max-video-preview":"max-video-preview:-1"},"canonical":"https:\/\/findglass.lv\/en\/lietosanas-noteikumi\/","og_locale":"en_US","og_type":"article","og_title":"Terms of use","og_description":"FindGlass, SIA, registration number 40203514762, legal address: Il\u016bkstes iela 109 \u2013 30, Riga, Latvia, LV-1082 (hereinafter referred to as FindGlass), provides the content available on the website FindGlass.lv (hereinafter referred to as the Website) and sells goods in accordance with the terms and conditions set out in this document, the terms of delivery of goods, [&hellip;]","og_url":"https:\/\/findglass.lv\/en\/lietosanas-noteikumi\/","og_site_name":"Auto stiklu remonts, mai\u0146a un kalibr\u0113\u0161ana | FindGlass.lv","article_publisher":"https:\/\/www.facebook.com\/findglasslv","article_modified_time":"2026-01-21T15:53:02+00:00","og_image":[{"width":2560,"height":1707,"url":"https:\/\/findglass.lv\/wp-content\/uploads\/2024\/05\/findglass_background-scaled-e1716476565289.jpg","type":"image\/jpeg"}],"twitter_card":"summary_large_image","twitter_misc":{"Est. reading time":"4 minutes"},"schema":{"@context":"https:\/\/schema.org","@graph":[{"@type":"WebPage","@id":"https:\/\/findglass.lv\/en\/lietosanas-noteikumi\/","url":"https:\/\/findglass.lv\/en\/lietosanas-noteikumi\/","name":"Terms of use | Auto stiklu remonts, mai\u0146a un kalibr\u0113\u0161ana | FindGlass.lv","isPartOf":{"@id":"https:\/\/findglass.lv\/en\/#website"},"datePublished":"2024-05-27T03:53:13+00:00","dateModified":"2026-01-21T15:53:02+00:00","breadcrumb":{"@id":"https:\/\/findglass.lv\/en\/lietosanas-noteikumi\/#breadcrumb"},"inLanguage":"en-US","potentialAction":[{"@type":"ReadAction","target":["https:\/\/findglass.lv\/en\/lietosanas-noteikumi\/"]}]},{"@type":"BreadcrumbList","@id":"https:\/\/findglass.lv\/en\/lietosanas-noteikumi\/#breadcrumb","itemListElement":[{"@type":"ListItem","position":1,"name":"Home","item":"https:\/\/findglass.lv\/en\/"},{"@type":"ListItem","position":2,"name":"Terms of use"}]},{"@type":"WebSite","@id":"https:\/\/findglass.lv\/en\/#website","url":"https:\/\/findglass.lv\/en\/","name":"FindGlass Auto Stiklu Remonts","description":"Auto stiklu mai\u0146as un kalibr\u0113\u0161anas serviss R\u012bg\u0101 - V\u0113jstiklu kameru, Adapt\u012bv\u0101s kru\u012bza kontroles (ACC) un Auto pilota kalibr\u0113\u0161ana.","publisher":{"@id":"https:\/\/findglass.lv\/en\/#organization"},"alternateName":"FindGlass","potentialAction":[{"@type":"SearchAction","target":{"@type":"EntryPoint","urlTemplate":"https:\/\/findglass.lv\/en\/?s={search_term_string}"},"query-input":{"@type":"PropertyValueSpecification","valueRequired":true,"valueName":"search_term_string"}}],"inLanguage":"en-US"},{"@type":"Organization","@id":"https:\/\/findglass.lv\/en\/#organization","name":"Auto stiklu remonts un mai\u0146a FindGlass","alternateName":"Auto stiklu serviss FindGlass","url":"https:\/\/findglass.lv\/en\/","logo":{"@type":"ImageObject","inLanguage":"en-US","@id":"https:\/\/findglass.lv\/en\/#\/schema\/logo\/image\/","url":"https:\/\/findglass.lv\/wp-content\/uploads\/2024\/05\/FIndGlass-logo-blue.svg","contentUrl":"https:\/\/findglass.lv\/wp-content\/uploads\/2024\/05\/FIndGlass-logo-blue.svg","caption":"Auto stiklu remonts un mai\u0146a FindGlass"},"image":{"@id":"https:\/\/findglass.lv\/en\/#\/schema\/logo\/image\/"},"sameAs":["https:\/\/www.facebook.com\/findglasslv"],"description":"FindGlass ir auto stiklu remonta, mai\u0146as un auto stiklu tirdzniec\u012bbas uz\u0146\u0113mums Latvij\u0101. Uz\u0146\u0113muma m\u0113r\u0137is ir pied\u0101v\u0101t lab\u0101k\u0101s cenas un kvalit\u0101tes attiec\u012bbu tirg\u016b, k\u0101 ar\u012b nodro\u0161in\u0101t \u0101tru un modernu klientu apkalpo\u0161anu. Uz\u0146\u0113mumu ir dibin\u0101jis profesion\u0101lis ar vair\u0101k k\u0101 15 gadu ekspert\u012bzi auto stiklu nomai\u0146as industrij\u0101. Uz\u0146\u0113mums pied\u0101v\u0101 Auto Stiklu remontu, V\u0113jstiklu mai\u0146u, s\u0101nu stiklu mai\u0146u, aizmugures stiklu mai\u0146u, Kameras ADAS kalibr\u0113\u0161anu, Lietus sensora kalibr\u0113\u0161anu visu veidu transportl\u012bdzek\u013ciem. Ja Auto Stiklu remonts un mai\u0146a tiek veikta caur KASKO apdro\u0161in\u0101\u0161anu, tad liel\u0101koties apdro\u0161in\u0101\u0161anas komp\u0101nijas pa\u0161risku NEIETUR\u0112S, ja remonts tiks veikts FindGlass specializ\u0113taj\u0101 auto stiklu servis\u0101. Piesakies uzreiz!","email":"info@findglass.lv","telephone":"+37120457722","legalName":"FindGlass, SIA","foundingDate":"2023-10-13","vatID":"LV40203514762","taxID":"LV40203514762","numberOfEmployees":{"@type":"QuantitativeValue","minValue":"1","maxValue":"10"}}]}},"_links":{"self":[{"href":"https:\/\/findglass.lv\/en\/wp-json\/wp\/v2\/pages\/2275","targetHints":{"allow":["GET"]}}],"collection":[{"href":"https:\/\/findglass.lv\/en\/wp-json\/wp\/v2\/pages"}],"about":[{"href":"https:\/\/findglass.lv\/en\/wp-json\/wp\/v2\/types\/page"}],"author":[{"embeddable":true,"href":"https:\/\/findglass.lv\/en\/wp-json\/wp\/v2\/users\/2"}],"replies":[{"embeddable":true,"href":"https:\/\/findglass.lv\/en\/wp-json\/wp\/v2\/comments?post=2275"}],"version-history":[{"count":2,"href":"https:\/\/findglass.lv\/en\/wp-json\/wp\/v2\/pages\/2275\/revisions"}],"predecessor-version":[{"id":2280,"href":"https:\/\/findglass.lv\/en\/wp-json\/wp\/v2\/pages\/2275\/revisions\/2280"}],"wp:attachment":[{"href":"https:\/\/findglass.lv\/en\/wp-json\/wp\/v2\/media?parent=2275"}],"curies":[{"name":"wp","href":"https:\/\/api.w.org\/{rel}","templated":true}]}}