{"id":2283,"date":"2024-05-27T06:52:48","date_gmt":"2024-05-27T03:52:48","guid":{"rendered":"https:\/\/findglass.lv\/?page_id=2283"},"modified":"2025-08-18T04:56:11","modified_gmt":"2025-08-18T01:56:11","slug":"garantijas-noteikumi","status":"publish","type":"page","link":"https:\/\/findglass.lv\/en\/garantijas-noteikumi\/","title":{"rendered":"Warranty Terms"},"content":{"rendered":"<p><strong>FindGlass undertakes to provide a warranty under the following conditions:<\/strong><\/p>\n<ol>\n<li><b>Car glass replacement warranty<\/b> ensures that <b>for 24 (twenty-four) months<\/b> after the vehicle has been returned to the customer, FindGlass will repair any defects that have arisen due to poor quality spare parts, service errors, incorrect use of materials or incorrect workmanship free of charge. The warranty is valid for 24 (twenty-four) months from the moment the vehicle is handed over to the customer after the repair work, unless FindGlass or the spare parts manufacturer has specified a different warranty period.<\/li>\n<li><b>Auto glass repairs are covered by a lifetime warranty!<\/b> If, for example, a windshield that has been repaired cracks again in the repaired area, FindGlass undertakes to compensate the customer for the cost of the repair work in the form of a discount on the purchase or installation of a new windshield.<\/li>\n<li>During the warranty period, any defects found in the vehicle that have arisen for the reasons specified in point 1 of this warranty certificate will be repaired by replacing the defective spare part or by carrying out the appropriate vehicle repair work.<\/li>\n<li>During the warranty period, the warranty conditions shall remain unchanged and the warranty period shall not be extended for replacement spare parts (car windows, moldings, clips, sensor gels, etc.) or repair work carried out on the vehicle.<\/li>\n<li>The warranty does not cover natural wear and tear. It also does not cover scratches on car windows, dents, damage to the bodywork, damage to the paint\/varnish coating and other mechanical damage that has occurred after the car has been handed over to the user. All claims are accepted until departure from the FindGlass service.<\/li>\n<li>The warranty does not cover used, repaired or customer-supplied spare parts installed on the vehicle, as well as new spare parts if the vehicle has been involved in a traffic accident that affects the strength of the bodywork, the correct body geometry, visible corrosion and other similar cases.<\/li>\n<li>The warranty only applies to those vehicle repair services and replacement spare parts specified in the repair estimate or service order attached to this certificate or in the invoice and which meet the conditions specified in this certificate.<\/li>\n<li><strong>In the event of a warranty claim, the customer must contact FindGlass within 10 working days and present the vehicle or submit a free-form application electronically, attaching images confirming the nature of the case, selecting the topic &#8220;Warranty&#8221; via the FindGlass contact form. The form is available <\/strong><a href=\"https:\/\/findglass.lv\/en\/contacts\/\"><b><i>here<\/i><\/b><\/a><b>.<\/b> If, before contacting FindGlass, the customer has taken any action, either personally or through third parties, that is directly or indirectly aimed at the object of the service, including additional repairs or improvements, they lose the right to make any claims regarding the non-compliance of the service provided with the quality requirements and to receive any related compensation. The terms used in the warranty certificate correspond to the terms used in the General Terms and Conditions for Vehicle Restoration Services, and any issues and legal relations between the parties that are not specified and agreed upon in this certificate shall be resolved in accordance with the General Terms and Conditions for Vehicle Refurbishment Services and the regulatory enactments in force in the Republic of Latvia. The warranty provided in this warranty certificate does not affect the customer&#8217;s rights of claim as set out in the regulatory enactments in force in the Republic of Latvia.<\/li>\n<\/ol>\n","protected":false},"excerpt":{"rendered":"<p>FindGlass undertakes to provide a warranty under the following conditions: Car glass replacement warranty ensures that for 24 (twenty-four) months after the vehicle has been returned to the customer, FindGlass will repair any defects that have arisen due to poor quality spare parts, service errors, incorrect use of materials or incorrect workmanship free of charge. [&hellip;]<\/p>\n","protected":false},"author":2,"featured_media":0,"parent":0,"menu_order":0,"comment_status":"closed","ping_status":"closed","template":"","meta":{"_acf_changed":false,"footnotes":""},"class_list":["post-2283","page","type-page","status-publish","hentry"],"acf":[],"yoast_head":"<!-- This site is optimized with the Yoast SEO Premium plugin v27.4 (Yoast SEO v27.5) - https:\/\/yoast.com\/product\/yoast-seo-premium-wordpress\/ -->\n<title>Warranty Terms | Auto stiklu remonts, mai\u0146a un kalibr\u0113\u0161ana | FindGlass.lv<\/title>\n<meta name=\"robots\" content=\"index, follow, max-snippet:-1, max-image-preview:large, max-video-preview:-1\" \/>\n<link rel=\"canonical\" href=\"https:\/\/findglass.lv\/en\/garantijas-noteikumi\/\" \/>\n<meta property=\"og:locale\" content=\"en_US\" \/>\n<meta property=\"og:type\" content=\"article\" \/>\n<meta property=\"og:title\" content=\"Warranty Terms\" \/>\n<meta property=\"og:description\" content=\"FindGlass undertakes to provide a warranty under the following conditions: Car glass replacement warranty ensures that for 24 (twenty-four) months after the vehicle has been returned to the customer, FindGlass will repair any defects that have arisen due to poor quality spare parts, service errors, incorrect use of materials or incorrect workmanship free of charge. [&hellip;]\" \/>\n<meta property=\"og:url\" content=\"https:\/\/findglass.lv\/en\/garantijas-noteikumi\/\" \/>\n<meta property=\"og:site_name\" content=\"Auto stiklu remonts, mai\u0146a un kalibr\u0113\u0161ana | FindGlass.lv\" \/>\n<meta property=\"article:publisher\" content=\"https:\/\/www.facebook.com\/findglasslv\" \/>\n<meta property=\"article:modified_time\" content=\"2025-08-18T01:56:11+00:00\" \/>\n<meta property=\"og:image\" content=\"https:\/\/findglass.lv\/wp-content\/uploads\/2024\/05\/findglass_background-scaled-e1716476565289.jpg\" \/>\n\t<meta property=\"og:image:width\" content=\"2560\" \/>\n\t<meta property=\"og:image:height\" content=\"1707\" \/>\n\t<meta property=\"og:image:type\" content=\"image\/jpeg\" \/>\n<meta name=\"twitter:card\" content=\"summary_large_image\" \/>\n<meta name=\"twitter:label1\" content=\"Est. reading time\" \/>\n\t<meta name=\"twitter:data1\" content=\"3 minutes\" \/>\n<script type=\"application\/ld+json\" class=\"yoast-schema-graph\">{\"@context\":\"https:\\\/\\\/schema.org\",\"@graph\":[{\"@type\":\"WebPage\",\"@id\":\"https:\\\/\\\/findglass.lv\\\/en\\\/garantijas-noteikumi\\\/\",\"url\":\"https:\\\/\\\/findglass.lv\\\/en\\\/garantijas-noteikumi\\\/\",\"name\":\"Warranty Terms | Auto stiklu remonts, mai\u0146a un kalibr\u0113\u0161ana | FindGlass.lv\",\"isPartOf\":{\"@id\":\"https:\\\/\\\/findglass.lv\\\/en\\\/#website\"},\"datePublished\":\"2024-05-27T03:52:48+00:00\",\"dateModified\":\"2025-08-18T01:56:11+00:00\",\"breadcrumb\":{\"@id\":\"https:\\\/\\\/findglass.lv\\\/en\\\/garantijas-noteikumi\\\/#breadcrumb\"},\"inLanguage\":\"en-US\",\"potentialAction\":[{\"@type\":\"ReadAction\",\"target\":[\"https:\\\/\\\/findglass.lv\\\/en\\\/garantijas-noteikumi\\\/\"]}]},{\"@type\":\"BreadcrumbList\",\"@id\":\"https:\\\/\\\/findglass.lv\\\/en\\\/garantijas-noteikumi\\\/#breadcrumb\",\"itemListElement\":[{\"@type\":\"ListItem\",\"position\":1,\"name\":\"Home\",\"item\":\"https:\\\/\\\/findglass.lv\\\/en\\\/\"},{\"@type\":\"ListItem\",\"position\":2,\"name\":\"Warranty Terms\"}]},{\"@type\":\"WebSite\",\"@id\":\"https:\\\/\\\/findglass.lv\\\/en\\\/#website\",\"url\":\"https:\\\/\\\/findglass.lv\\\/en\\\/\",\"name\":\"FindGlass Auto Stiklu Remonts\",\"description\":\"Auto stiklu mai\u0146as un kalibr\u0113\u0161anas serviss R\u012bg\u0101 - V\u0113jstiklu kameru, Adapt\u012bv\u0101s kru\u012bza kontroles (ACC) un Auto pilota kalibr\u0113\u0161ana.\",\"publisher\":{\"@id\":\"https:\\\/\\\/findglass.lv\\\/en\\\/#organization\"},\"alternateName\":\"FindGlass\",\"potentialAction\":[{\"@type\":\"SearchAction\",\"target\":{\"@type\":\"EntryPoint\",\"urlTemplate\":\"https:\\\/\\\/findglass.lv\\\/en\\\/?s={search_term_string}\"},\"query-input\":{\"@type\":\"PropertyValueSpecification\",\"valueRequired\":true,\"valueName\":\"search_term_string\"}}],\"inLanguage\":\"en-US\"},{\"@type\":\"Organization\",\"@id\":\"https:\\\/\\\/findglass.lv\\\/en\\\/#organization\",\"name\":\"Auto stiklu remonts un mai\u0146a FindGlass\",\"alternateName\":\"Auto stiklu serviss FindGlass\",\"url\":\"https:\\\/\\\/findglass.lv\\\/en\\\/\",\"logo\":{\"@type\":\"ImageObject\",\"inLanguage\":\"en-US\",\"@id\":\"https:\\\/\\\/findglass.lv\\\/en\\\/#\\\/schema\\\/logo\\\/image\\\/\",\"url\":\"https:\\\/\\\/findglass.lv\\\/wp-content\\\/uploads\\\/2024\\\/05\\\/FIndGlass-logo-blue.svg\",\"contentUrl\":\"https:\\\/\\\/findglass.lv\\\/wp-content\\\/uploads\\\/2024\\\/05\\\/FIndGlass-logo-blue.svg\",\"caption\":\"Auto stiklu remonts un mai\u0146a FindGlass\"},\"image\":{\"@id\":\"https:\\\/\\\/findglass.lv\\\/en\\\/#\\\/schema\\\/logo\\\/image\\\/\"},\"sameAs\":[\"https:\\\/\\\/www.facebook.com\\\/findglasslv\"],\"description\":\"FindGlass ir auto stiklu remonta, mai\u0146as un auto stiklu tirdzniec\u012bbas uz\u0146\u0113mums Latvij\u0101. Uz\u0146\u0113muma m\u0113r\u0137is ir pied\u0101v\u0101t lab\u0101k\u0101s cenas un kvalit\u0101tes attiec\u012bbu tirg\u016b, k\u0101 ar\u012b nodro\u0161in\u0101t \u0101tru un modernu klientu apkalpo\u0161anu. Uz\u0146\u0113mumu ir dibin\u0101jis profesion\u0101lis ar vair\u0101k k\u0101 15 gadu ekspert\u012bzi auto stiklu nomai\u0146as industrij\u0101. Uz\u0146\u0113mums pied\u0101v\u0101 Auto Stiklu remontu, V\u0113jstiklu mai\u0146u, s\u0101nu stiklu mai\u0146u, aizmugures stiklu mai\u0146u, Kameras ADAS kalibr\u0113\u0161anu, Lietus sensora kalibr\u0113\u0161anu visu veidu transportl\u012bdzek\u013ciem. Ja Auto Stiklu remonts un mai\u0146a tiek veikta caur KASKO apdro\u0161in\u0101\u0161anu, tad liel\u0101koties apdro\u0161in\u0101\u0161anas komp\u0101nijas pa\u0161risku NEIETUR\u0112S, ja remonts tiks veikts FindGlass specializ\u0113taj\u0101 auto stiklu servis\u0101. Piesakies uzreiz!\",\"email\":\"info@findglass.lv\",\"telephone\":\"+37120457722\",\"legalName\":\"FindGlass, SIA\",\"foundingDate\":\"2023-10-13\",\"vatID\":\"LV40203514762\",\"taxID\":\"LV40203514762\",\"numberOfEmployees\":{\"@type\":\"QuantitativeValue\",\"minValue\":\"1\",\"maxValue\":\"10\"}}]}<\/script>\n<!-- \/ Yoast SEO Premium plugin. -->","yoast_head_json":{"title":"Warranty Terms | Auto stiklu remonts, mai\u0146a un kalibr\u0113\u0161ana | FindGlass.lv","robots":{"index":"index","follow":"follow","max-snippet":"max-snippet:-1","max-image-preview":"max-image-preview:large","max-video-preview":"max-video-preview:-1"},"canonical":"https:\/\/findglass.lv\/en\/garantijas-noteikumi\/","og_locale":"en_US","og_type":"article","og_title":"Warranty Terms","og_description":"FindGlass undertakes to provide a warranty under the following conditions: Car glass replacement warranty ensures that for 24 (twenty-four) months after the vehicle has been returned to the customer, FindGlass will repair any defects that have arisen due to poor quality spare parts, service errors, incorrect use of materials or incorrect workmanship free of charge. [&hellip;]","og_url":"https:\/\/findglass.lv\/en\/garantijas-noteikumi\/","og_site_name":"Auto stiklu remonts, mai\u0146a un kalibr\u0113\u0161ana | FindGlass.lv","article_publisher":"https:\/\/www.facebook.com\/findglasslv","article_modified_time":"2025-08-18T01:56:11+00:00","og_image":[{"width":2560,"height":1707,"url":"https:\/\/findglass.lv\/wp-content\/uploads\/2024\/05\/findglass_background-scaled-e1716476565289.jpg","type":"image\/jpeg"}],"twitter_card":"summary_large_image","twitter_misc":{"Est. reading time":"3 minutes"},"schema":{"@context":"https:\/\/schema.org","@graph":[{"@type":"WebPage","@id":"https:\/\/findglass.lv\/en\/garantijas-noteikumi\/","url":"https:\/\/findglass.lv\/en\/garantijas-noteikumi\/","name":"Warranty Terms | Auto stiklu remonts, mai\u0146a un kalibr\u0113\u0161ana | FindGlass.lv","isPartOf":{"@id":"https:\/\/findglass.lv\/en\/#website"},"datePublished":"2024-05-27T03:52:48+00:00","dateModified":"2025-08-18T01:56:11+00:00","breadcrumb":{"@id":"https:\/\/findglass.lv\/en\/garantijas-noteikumi\/#breadcrumb"},"inLanguage":"en-US","potentialAction":[{"@type":"ReadAction","target":["https:\/\/findglass.lv\/en\/garantijas-noteikumi\/"]}]},{"@type":"BreadcrumbList","@id":"https:\/\/findglass.lv\/en\/garantijas-noteikumi\/#breadcrumb","itemListElement":[{"@type":"ListItem","position":1,"name":"Home","item":"https:\/\/findglass.lv\/en\/"},{"@type":"ListItem","position":2,"name":"Warranty Terms"}]},{"@type":"WebSite","@id":"https:\/\/findglass.lv\/en\/#website","url":"https:\/\/findglass.lv\/en\/","name":"FindGlass Auto Stiklu Remonts","description":"Auto stiklu mai\u0146as un kalibr\u0113\u0161anas serviss R\u012bg\u0101 - V\u0113jstiklu kameru, Adapt\u012bv\u0101s kru\u012bza kontroles (ACC) un Auto pilota kalibr\u0113\u0161ana.","publisher":{"@id":"https:\/\/findglass.lv\/en\/#organization"},"alternateName":"FindGlass","potentialAction":[{"@type":"SearchAction","target":{"@type":"EntryPoint","urlTemplate":"https:\/\/findglass.lv\/en\/?s={search_term_string}"},"query-input":{"@type":"PropertyValueSpecification","valueRequired":true,"valueName":"search_term_string"}}],"inLanguage":"en-US"},{"@type":"Organization","@id":"https:\/\/findglass.lv\/en\/#organization","name":"Auto stiklu remonts un mai\u0146a FindGlass","alternateName":"Auto stiklu serviss FindGlass","url":"https:\/\/findglass.lv\/en\/","logo":{"@type":"ImageObject","inLanguage":"en-US","@id":"https:\/\/findglass.lv\/en\/#\/schema\/logo\/image\/","url":"https:\/\/findglass.lv\/wp-content\/uploads\/2024\/05\/FIndGlass-logo-blue.svg","contentUrl":"https:\/\/findglass.lv\/wp-content\/uploads\/2024\/05\/FIndGlass-logo-blue.svg","caption":"Auto stiklu remonts un mai\u0146a FindGlass"},"image":{"@id":"https:\/\/findglass.lv\/en\/#\/schema\/logo\/image\/"},"sameAs":["https:\/\/www.facebook.com\/findglasslv"],"description":"FindGlass ir auto stiklu remonta, mai\u0146as un auto stiklu tirdzniec\u012bbas uz\u0146\u0113mums Latvij\u0101. Uz\u0146\u0113muma m\u0113r\u0137is ir pied\u0101v\u0101t lab\u0101k\u0101s cenas un kvalit\u0101tes attiec\u012bbu tirg\u016b, k\u0101 ar\u012b nodro\u0161in\u0101t \u0101tru un modernu klientu apkalpo\u0161anu. Uz\u0146\u0113mumu ir dibin\u0101jis profesion\u0101lis ar vair\u0101k k\u0101 15 gadu ekspert\u012bzi auto stiklu nomai\u0146as industrij\u0101. Uz\u0146\u0113mums pied\u0101v\u0101 Auto Stiklu remontu, V\u0113jstiklu mai\u0146u, s\u0101nu stiklu mai\u0146u, aizmugures stiklu mai\u0146u, Kameras ADAS kalibr\u0113\u0161anu, Lietus sensora kalibr\u0113\u0161anu visu veidu transportl\u012bdzek\u013ciem. Ja Auto Stiklu remonts un mai\u0146a tiek veikta caur KASKO apdro\u0161in\u0101\u0161anu, tad liel\u0101koties apdro\u0161in\u0101\u0161anas komp\u0101nijas pa\u0161risku NEIETUR\u0112S, ja remonts tiks veikts FindGlass specializ\u0113taj\u0101 auto stiklu servis\u0101. Piesakies uzreiz!","email":"info@findglass.lv","telephone":"+37120457722","legalName":"FindGlass, SIA","foundingDate":"2023-10-13","vatID":"LV40203514762","taxID":"LV40203514762","numberOfEmployees":{"@type":"QuantitativeValue","minValue":"1","maxValue":"10"}}]}},"_links":{"self":[{"href":"https:\/\/findglass.lv\/en\/wp-json\/wp\/v2\/pages\/2283","targetHints":{"allow":["GET"]}}],"collection":[{"href":"https:\/\/findglass.lv\/en\/wp-json\/wp\/v2\/pages"}],"about":[{"href":"https:\/\/findglass.lv\/en\/wp-json\/wp\/v2\/types\/page"}],"author":[{"embeddable":true,"href":"https:\/\/findglass.lv\/en\/wp-json\/wp\/v2\/users\/2"}],"replies":[{"embeddable":true,"href":"https:\/\/findglass.lv\/en\/wp-json\/wp\/v2\/comments?post=2283"}],"version-history":[{"count":4,"href":"https:\/\/findglass.lv\/en\/wp-json\/wp\/v2\/pages\/2283\/revisions"}],"predecessor-version":[{"id":2297,"href":"https:\/\/findglass.lv\/en\/wp-json\/wp\/v2\/pages\/2283\/revisions\/2297"}],"wp:attachment":[{"href":"https:\/\/findglass.lv\/en\/wp-json\/wp\/v2\/media?parent=2283"}],"curies":[{"name":"wp","href":"https:\/\/api.w.org\/{rel}","templated":true}]}}